{"id":316,"date":"2023-05-22T09:52:22","date_gmt":"2023-05-22T09:52:22","guid":{"rendered":"https:\/\/prod.erminas.com\/?page_id=316"},"modified":"2023-12-19T12:51:42","modified_gmt":"2023-12-19T11:51:42","slug":"referenzen","status":"publish","type":"page","link":"https:\/\/prod.erminas.com\/de\/resourcen\/referenzen\/","title":{"rendered":"Referenzen"},"content":{"rendered":"\t\t<div data-elementor-type=\"wp-page\" data-elementor-id=\"316\" class=\"elementor elementor-316\" data-elementor-post-type=\"page\">\n\t\t\t\t\t\t<section class=\"elementor-section elementor-top-section elementor-element elementor-element-16097f2 elementor-section-height-min-height elementor-section-boxed elementor-section-height-default elementor-section-items-middle\" data-id=\"16097f2\" data-element_type=\"section\" data-settings=\"{&quot;background_background&quot;:&quot;classic&quot;}\">\n\t\t\t\t\t\t<div class=\"elementor-container elementor-column-gap-default\">\n\t\t\t\t\t<div class=\"elementor-column elementor-col-100 elementor-top-column elementor-element elementor-element-63ffb71\" data-id=\"63ffb71\" data-element_type=\"column\">\n\t\t\t<div class=\"elementor-widget-wrap elementor-element-populated\">\n\t\t\t\t\t\t<div class=\"elementor-element elementor-element-676d106 elementor-invisible elementor-widget elementor-widget-heading\" data-id=\"676d106\" data-element_type=\"widget\" data-settings=\"{&quot;_animation&quot;:&quot;fadeInUp&quot;}\" data-widget_type=\"heading.default\">\n\t\t\t\t<div class=\"elementor-widget-container\">\n\t\t\t\t\t<h1 class=\"elementor-heading-title elementor-size-default\">Referenzen und Success Stories<\/h1>\t\t\t\t<\/div>\n\t\t\t\t<\/div>\n\t\t\t\t<div class=\"elementor-element elementor-element-5489d67 elementor-invisible elementor-widget elementor-widget-text-editor\" data-id=\"5489d67\" data-element_type=\"widget\" data-settings=\"{&quot;_animation&quot;:&quot;fadeInUp&quot;}\" data-widget_type=\"text-editor.default\">\n\t\t\t\t<div class=\"elementor-widget-container\">\n\t\t\t\t\t\t\t\t\t<p>Wir pr\u00e4sentieren unsere Referenzen f\u00fcr individuelle Software und Retrofitting. Lasse Dich von unseren Kundenprojekten inspirieren!<\/p>\t\t\t\t\t\t\t\t<\/div>\n\t\t\t\t<\/div>\n\t\t\t\t<div class=\"elementor-element elementor-element-5c951f6 elementor-align-center elementor-invisible elementor-widget elementor-widget-button\" data-id=\"5c951f6\" data-element_type=\"widget\" data-settings=\"{&quot;_animation&quot;:&quot;fadeInUp&quot;}\" data-widget_type=\"button.default\">\n\t\t\t\t<div class=\"elementor-widget-container\">\n\t\t\t\t\t\t\t\t\t<div class=\"elementor-button-wrapper\">\n\t\t\t\t\t<a class=\"elementor-button elementor-button-link elementor-size-sm\" href=\"#referenzen\">\n\t\t\t\t\t\t<span class=\"elementor-button-content-wrapper\">\n\t\t\t\t\t\t\t\t\t<span class=\"elementor-button-text\">Jetzt Entdecken!<\/span>\n\t\t\t\t\t<\/span>\n\t\t\t\t\t<\/a>\n\t\t\t\t<\/div>\n\t\t\t\t\t\t\t\t<\/div>\n\t\t\t\t<\/div>\n\t\t\t\t\t<\/div>\n\t\t<\/div>\n\t\t\t\t\t<\/div>\n\t\t<\/section>\n\t\t\t\t<section class=\"elementor-section elementor-top-section elementor-element elementor-element-8d565a1 elementor-section-boxed elementor-section-height-default elementor-section-height-default\" data-id=\"8d565a1\" data-element_type=\"section\">\n\t\t\t\t\t\t<div class=\"elementor-container elementor-column-gap-default\">\n\t\t\t\t\t<div class=\"elementor-column elementor-col-100 elementor-top-column elementor-element elementor-element-63b2eed\" data-id=\"63b2eed\" data-element_type=\"column\">\n\t\t\t<div class=\"elementor-widget-wrap elementor-element-populated\">\n\t\t\t\t\t\t<div class=\"elementor-element elementor-element-7138a61 elementor-widget elementor-widget-menu-anchor\" data-id=\"7138a61\" data-element_type=\"widget\" data-widget_type=\"menu-anchor.default\">\n\t\t\t\t<div class=\"elementor-widget-container\">\n\t\t\t\t\t\t\t<div class=\"elementor-menu-anchor\" id=\"referenzen\"><\/div>\n\t\t\t\t\t\t<\/div>\n\t\t\t\t<\/div>\n\t\t\t\t<div class=\"elementor-element elementor-element-a82e6f3 elementor-widget elementor-widget-heading\" data-id=\"a82e6f3\" data-element_type=\"widget\" data-widget_type=\"heading.default\">\n\t\t\t\t<div class=\"elementor-widget-container\">\n\t\t\t\t\t<h2 class=\"elementor-heading-title elementor-size-default\">Unsere Referenzen<\/h2>\t\t\t\t<\/div>\n\t\t\t\t<\/div>\n\t\t\t\t<div class=\"elementor-element elementor-element-521238f elementor-widget elementor-widget-image\" data-id=\"521238f\" data-element_type=\"widget\" data-widget_type=\"image.default\">\n\t\t\t\t<div class=\"elementor-widget-container\">\n\t\t\t\t\t\t\t\t\t\t\t\t\t\t\t\t<a href=\"https:\/\/prod.erminas.com\/de\/resourcen\/referenzen\/amagno-gmbh\/\">\n\t\t\t\t\t\t\t<img fetchpriority=\"high\" decoding=\"async\" width=\"1140\" height=\"400\" src=\"https:\/\/prod.erminas.com\/wp-content\/uploads\/2023\/09\/Referenz-Amagno-1.webp\" class=\"attachment-full size-full wp-image-5117\" alt=\"Tablet auf einem Schreibtisch\" srcset=\"https:\/\/prod.erminas.com\/wp-content\/uploads\/2023\/09\/Referenz-Amagno-1.webp 1140w, https:\/\/prod.erminas.com\/wp-content\/uploads\/2023\/09\/Referenz-Amagno-1-300x105.webp 300w, https:\/\/prod.erminas.com\/wp-content\/uploads\/2023\/09\/Referenz-Amagno-1-1024x359.webp 1024w, https:\/\/prod.erminas.com\/wp-content\/uploads\/2023\/09\/Referenz-Amagno-1-768x269.webp 768w\" sizes=\"(max-width: 1140px) 100vw, 1140px\" \/>\t\t\t\t\t\t\t\t<\/a>\n\t\t\t\t\t\t\t\t\t\t\t\t\t\t\t<\/div>\n\t\t\t\t<\/div>\n\t\t\t\t<div class=\"elementor-element elementor-element-8cbd4e7 elementor-widget elementor-widget-heading\" data-id=\"8cbd4e7\" data-element_type=\"widget\" data-widget_type=\"heading.default\">\n\t\t\t\t<div class=\"elementor-widget-container\">\n\t\t\t\t\t<h3 class=\"elementor-heading-title elementor-size-default\">Amagno GmbH<\/h3>\t\t\t\t<\/div>\n\t\t\t\t<\/div>\n\t\t\t\t<div class=\"elementor-element elementor-element-3cc6d83 elementor-widget elementor-widget-text-editor\" data-id=\"3cc6d83\" data-element_type=\"widget\" data-widget_type=\"text-editor.default\">\n\t\t\t\t<div class=\"elementor-widget-container\">\n\t\t\t\t\t\t\t\t\t<p>Amagno erfindet digitale Prozesse und Dokumente neu mit der neuartigen Dokumentenmanagement Software mit kostenfreien Standardworkflows. Amagno ist einer der f\u00fchrenden branchen\u00fcbergreifenden Hersteller von Ent6erprise Content Management in Deutschland. \u00dcber 10 Millionen Dokuemten befinden sich bereits in der sicheren Business Cloud.\u00a0<\/p>\t\t\t\t\t\t\t\t<\/div>\n\t\t\t\t<\/div>\n\t\t\t\t<div class=\"elementor-element elementor-element-e4c76e8 elementor-widget elementor-widget-button\" data-id=\"e4c76e8\" data-element_type=\"widget\" data-widget_type=\"button.default\">\n\t\t\t\t<div class=\"elementor-widget-container\">\n\t\t\t\t\t\t\t\t\t<div class=\"elementor-button-wrapper\">\n\t\t\t\t\t<a class=\"elementor-button elementor-button-link elementor-size-sm\" href=\"https:\/\/prod.erminas.com\/de\/resourcen\/referenzen\/amagno-gmbh\/\">\n\t\t\t\t\t\t<span class=\"elementor-button-content-wrapper\">\n\t\t\t\t\t\t\t\t\t<span class=\"elementor-button-text\">Weiterlesen <\/span>\n\t\t\t\t\t<\/span>\n\t\t\t\t\t<\/a>\n\t\t\t\t<\/div>\n\t\t\t\t\t\t\t\t<\/div>\n\t\t\t\t<\/div>\n\t\t\t\t\t<\/div>\n\t\t<\/div>\n\t\t\t\t\t<\/div>\n\t\t<\/section>\n\t\t\t\t<section class=\"elementor-section elementor-top-section elementor-element elementor-element-9d42df5 elementor-section-boxed elementor-section-height-default elementor-section-height-default\" data-id=\"9d42df5\" data-element_type=\"section\">\n\t\t\t\t\t\t<div class=\"elementor-container elementor-column-gap-default\">\n\t\t\t\t\t<div class=\"elementor-column elementor-col-100 elementor-top-column elementor-element elementor-element-3974041\" data-id=\"3974041\" data-element_type=\"column\">\n\t\t\t<div class=\"elementor-widget-wrap elementor-element-populated\">\n\t\t\t\t\t\t<div class=\"elementor-element elementor-element-67c1438 elementor-widget elementor-widget-image\" data-id=\"67c1438\" data-element_type=\"widget\" data-widget_type=\"image.default\">\n\t\t\t\t<div class=\"elementor-widget-container\">\n\t\t\t\t\t\t\t\t\t\t\t\t\t\t\t\t<a href=\"https:\/\/prod.erminas.com\/de\/resourcen\/referenzen\/es-gesunde-loesungen-gmbh\/\">\n\t\t\t\t\t\t\t<img decoding=\"async\" width=\"1140\" height=\"400\" src=\"https:\/\/prod.erminas.com\/wp-content\/uploads\/2023\/09\/Referenz-EundS_2_Zeichenflaeche-1.webp\" class=\"attachment-full size-full wp-image-5135\" alt=\"Laser auf dem Steckschl\u00fcssel f\u00fcr Gewichte eines Fitnessger\u00e4ts\" srcset=\"https:\/\/prod.erminas.com\/wp-content\/uploads\/2023\/09\/Referenz-EundS_2_Zeichenflaeche-1.webp 1140w, https:\/\/prod.erminas.com\/wp-content\/uploads\/2023\/09\/Referenz-EundS_2_Zeichenflaeche-1-300x105.webp 300w, https:\/\/prod.erminas.com\/wp-content\/uploads\/2023\/09\/Referenz-EundS_2_Zeichenflaeche-1-1024x359.webp 1024w, https:\/\/prod.erminas.com\/wp-content\/uploads\/2023\/09\/Referenz-EundS_2_Zeichenflaeche-1-768x269.webp 768w\" sizes=\"(max-width: 1140px) 100vw, 1140px\" \/>\t\t\t\t\t\t\t\t<\/a>\n\t\t\t\t\t\t\t\t\t\t\t\t\t\t\t<\/div>\n\t\t\t\t<\/div>\n\t\t\t\t<div class=\"elementor-element elementor-element-1b1e668 elementor-widget elementor-widget-heading\" data-id=\"1b1e668\" data-element_type=\"widget\" data-widget_type=\"heading.default\">\n\t\t\t\t<div class=\"elementor-widget-container\">\n\t\t\t\t\t<h3 class=\"elementor-heading-title elementor-size-default\">E+S Gesunde L\u00f6sungen GmbH<\/h3>\t\t\t\t<\/div>\n\t\t\t\t<\/div>\n\t\t\t\t<div class=\"elementor-element elementor-element-5acb0a4 elementor-widget elementor-widget-text-editor\" data-id=\"5acb0a4\" data-element_type=\"widget\" data-widget_type=\"text-editor.default\">\n\t\t\t\t<div class=\"elementor-widget-container\">\n\t\t\t\t\t\t\t\t\t<p>Gl\u00fcckliche Kolleg:innen und Kunden. Das ist das Ziel der E+S Gesunde L\u00f6sungen GmbH. E+S hat ein Assistenzsystem entwickelt, dass dem Physiotherapeuten zeitliche Freir\u00e4ume verschafft, dem Patienten die Wartezeiten auf seinen Therapieplatz verk\u00fcrzt und die Einrichtungen modern und lukrativ wirtschaften l\u00e4sst: YOLii.<\/p>\t\t\t\t\t\t\t\t<\/div>\n\t\t\t\t<\/div>\n\t\t\t\t<div class=\"elementor-element elementor-element-2ebefcd elementor-align-left elementor-widget elementor-widget-button\" data-id=\"2ebefcd\" data-element_type=\"widget\" data-widget_type=\"button.default\">\n\t\t\t\t<div class=\"elementor-widget-container\">\n\t\t\t\t\t\t\t\t\t<div class=\"elementor-button-wrapper\">\n\t\t\t\t\t<a class=\"elementor-button elementor-button-link elementor-size-sm\" href=\"https:\/\/prod.erminas.com\/de\/resourcen\/referenzen\/es-gesunde-loesungen-gmbh\/\">\n\t\t\t\t\t\t<span class=\"elementor-button-content-wrapper\">\n\t\t\t\t\t\t\t\t\t<span class=\"elementor-button-text\">Weiterlesen <\/span>\n\t\t\t\t\t<\/span>\n\t\t\t\t\t<\/a>\n\t\t\t\t<\/div>\n\t\t\t\t\t\t\t\t<\/div>\n\t\t\t\t<\/div>\n\t\t\t\t\t<\/div>\n\t\t<\/div>\n\t\t\t\t\t<\/div>\n\t\t<\/section>\n\t\t\t\t<section class=\"elementor-section elementor-top-section elementor-element elementor-element-685c3f9 elementor-section-boxed elementor-section-height-default elementor-section-height-default\" data-id=\"685c3f9\" data-element_type=\"section\">\n\t\t\t\t\t\t<div class=\"elementor-container elementor-column-gap-default\">\n\t\t\t\t\t<div class=\"elementor-column elementor-col-100 elementor-top-column elementor-element elementor-element-8b622d6\" data-id=\"8b622d6\" data-element_type=\"column\">\n\t\t\t<div class=\"elementor-widget-wrap elementor-element-populated\">\n\t\t\t\t\t\t<div class=\"elementor-element elementor-element-43708b4 elementor-widget elementor-widget-image\" data-id=\"43708b4\" data-element_type=\"widget\" data-widget_type=\"image.default\">\n\t\t\t\t<div class=\"elementor-widget-container\">\n\t\t\t\t\t\t\t\t\t\t\t\t\t\t\t\t<a href=\"https:\/\/prod.erminas.com\/de\/resourcen\/referenzen\/hccr-gmbh\/\">\n\t\t\t\t\t\t\t<img decoding=\"async\" width=\"1140\" height=\"400\" src=\"https:\/\/prod.erminas.com\/wp-content\/uploads\/2023\/09\/Referenz-HCCR-1.webp\" class=\"attachment-full size-full wp-image-5149\" alt=\"Containerhafen mit gestapelten Containern und einem Containerschiff im Hintergrund\" srcset=\"https:\/\/prod.erminas.com\/wp-content\/uploads\/2023\/09\/Referenz-HCCR-1.webp 1140w, https:\/\/prod.erminas.com\/wp-content\/uploads\/2023\/09\/Referenz-HCCR-1-300x105.webp 300w, https:\/\/prod.erminas.com\/wp-content\/uploads\/2023\/09\/Referenz-HCCR-1-1024x359.webp 1024w, https:\/\/prod.erminas.com\/wp-content\/uploads\/2023\/09\/Referenz-HCCR-1-768x269.webp 768w\" sizes=\"(max-width: 1140px) 100vw, 1140px\" \/>\t\t\t\t\t\t\t\t<\/a>\n\t\t\t\t\t\t\t\t\t\t\t\t\t\t\t<\/div>\n\t\t\t\t<\/div>\n\t\t\t\t<div class=\"elementor-element elementor-element-f9ce766 elementor-widget elementor-widget-heading\" data-id=\"f9ce766\" data-element_type=\"widget\" data-widget_type=\"heading.default\">\n\t\t\t\t<div class=\"elementor-widget-container\">\n\t\t\t\t\t<h3 class=\"elementor-heading-title elementor-size-default\">HCCR GmbH<\/h3>\t\t\t\t<\/div>\n\t\t\t\t<\/div>\n\t\t\t\t<div class=\"elementor-element elementor-element-9736625 elementor-widget elementor-widget-text-editor\" data-id=\"9736625\" data-element_type=\"widget\" data-widget_type=\"text-editor.default\">\n\t\t\t\t<div class=\"elementor-widget-container\">\n\t\t\t\t\t\t\t\t\t<p>Zum umfangreichen Leistungsspektrum von HCCR geh\u00f6rt neben klassischen Depotdienstleistungen wie Inspektion, Reparatur und Reinigung von Containern auch der Service f\u00fcr Klimaanlagen in Reefercontainern, Geb\u00e4uden, Umschlagsger\u00e4ten und Kraftfahrzeugen, sowie die Reinigung und Reparatur von Roadtanks und Tank-Container.\u00a0<\/p>\t\t\t\t\t\t\t\t<\/div>\n\t\t\t\t<\/div>\n\t\t\t\t<div class=\"elementor-element elementor-element-f720c13 elementor-widget elementor-widget-button\" data-id=\"f720c13\" data-element_type=\"widget\" data-widget_type=\"button.default\">\n\t\t\t\t<div class=\"elementor-widget-container\">\n\t\t\t\t\t\t\t\t\t<div class=\"elementor-button-wrapper\">\n\t\t\t\t\t<a class=\"elementor-button elementor-button-link elementor-size-sm\" href=\"https:\/\/prod.erminas.com\/de\/resourcen\/referenzen\/hccr-gmbh\/\">\n\t\t\t\t\t\t<span class=\"elementor-button-content-wrapper\">\n\t\t\t\t\t\t\t\t\t<span class=\"elementor-button-text\">Weiterlesen <\/span>\n\t\t\t\t\t<\/span>\n\t\t\t\t\t<\/a>\n\t\t\t\t<\/div>\n\t\t\t\t\t\t\t\t<\/div>\n\t\t\t\t<\/div>\n\t\t\t\t\t<\/div>\n\t\t<\/div>\n\t\t\t\t\t<\/div>\n\t\t<\/section>\n\t\t\t\t<section class=\"elementor-section elementor-top-section elementor-element elementor-element-6062c32 elementor-section-boxed elementor-section-height-default elementor-section-height-default\" data-id=\"6062c32\" data-element_type=\"section\">\n\t\t\t\t\t\t<div class=\"elementor-container elementor-column-gap-default\">\n\t\t\t\t\t<div class=\"elementor-column elementor-col-50 elementor-top-column elementor-element elementor-element-8ebebc4\" data-id=\"8ebebc4\" data-element_type=\"column\">\n\t\t\t<div class=\"elementor-widget-wrap elementor-element-populated\">\n\t\t\t\t\t\t<div class=\"elementor-element elementor-element-c9bc341 elementor-widget elementor-widget-image\" data-id=\"c9bc341\" data-element_type=\"widget\" data-widget_type=\"image.default\">\n\t\t\t\t<div class=\"elementor-widget-container\">\n\t\t\t\t\t\t\t\t\t\t\t\t\t\t\t<img loading=\"lazy\" decoding=\"async\" width=\"300\" height=\"300\" src=\"https:\/\/prod.erminas.com\/wp-content\/uploads\/2023\/06\/Testimonial-Yvette-Teiken.png\" class=\"attachment-large size-large wp-image-1155\" alt=\"Portrait von erminas CTO Dr. Yvette Teiken auf einer Messe\" srcset=\"https:\/\/prod.erminas.com\/wp-content\/uploads\/2023\/06\/Testimonial-Yvette-Teiken.png 300w, https:\/\/prod.erminas.com\/wp-content\/uploads\/2023\/06\/Testimonial-Yvette-Teiken-150x150.png 150w\" sizes=\"(max-width: 300px) 100vw, 300px\" \/>\t\t\t\t\t\t\t\t\t\t\t\t\t\t\t<\/div>\n\t\t\t\t<\/div>\n\t\t\t\t\t<\/div>\n\t\t<\/div>\n\t\t\t\t<div class=\"elementor-column elementor-col-50 elementor-top-column elementor-element elementor-element-762d01f\" data-id=\"762d01f\" data-element_type=\"column\">\n\t\t\t<div class=\"elementor-widget-wrap elementor-element-populated\">\n\t\t\t\t\t\t<div class=\"elementor-element elementor-element-7a2dfb5 elementor-widget elementor-widget-heading\" data-id=\"7a2dfb5\" data-element_type=\"widget\" data-widget_type=\"heading.default\">\n\t\t\t\t<div class=\"elementor-widget-container\">\n\t\t\t\t\t<h2 class=\"elementor-heading-title elementor-size-default\">Noch nicht \u00fcberzeugt?<\/h2>\t\t\t\t<\/div>\n\t\t\t\t<\/div>\n\t\t\t\t<div class=\"elementor-element elementor-element-c360ac6 elementor-widget elementor-widget-text-editor\" data-id=\"c360ac6\" data-element_type=\"widget\" data-widget_type=\"text-editor.default\">\n\t\t\t\t<div class=\"elementor-widget-container\">\n\t\t\t\t\t\t\t\t\t<p>Gerne beraten wir dich pers\u00f6nlich zu deinem Digitalisierungsvorhaben. Wir freuen uns auf deine Nachricht und melden uns schnellstm\u00f6glich bei Dir zur\u00fcck!<\/p>\t\t\t\t\t\t\t\t<\/div>\n\t\t\t\t<\/div>\n\t\t\t\t<div class=\"elementor-element elementor-element-451dc03 elementor-mobile-align-center elementor-widget elementor-widget-button\" data-id=\"451dc03\" data-element_type=\"widget\" data-widget_type=\"button.default\">\n\t\t\t\t<div class=\"elementor-widget-container\">\n\t\t\t\t\t\t\t\t\t<div class=\"elementor-button-wrapper\">\n\t\t\t\t\t<a class=\"elementor-button elementor-button-link elementor-size-sm\" href=\"https:\/\/prod.erminas.com\/de\/projektanfrage#contactform\">\n\t\t\t\t\t\t<span class=\"elementor-button-content-wrapper\">\n\t\t\t\t\t\t\t\t\t<span class=\"elementor-button-text\">Kontakt<\/span>\n\t\t\t\t\t<\/span>\n\t\t\t\t\t<\/a>\n\t\t\t\t<\/div>\n\t\t\t\t\t\t\t\t<\/div>\n\t\t\t\t<\/div>\n\t\t\t\t\t<\/div>\n\t\t<\/div>\n\t\t\t\t\t<\/div>\n\t\t<\/section>\n\t\t\t\t<\/div>\n\t\t","protected":false},"excerpt":{"rendered":"<p>Referenzen und Success Stories Wir pr\u00e4sentieren unsere Referenzen f\u00fcr individuelle Software und Retrofitting. Lasse Dich von unseren Kundenprojekten inspirieren! Jetzt Entdecken! Unsere Referenzen Amagno GmbH Amagno erfindet digitale Prozesse und Dokumente neu mit der neuartigen Dokumentenmanagement Software mit kostenfreien Standardworkflows. Amagno ist einer der f\u00fchrenden branchen\u00fcbergreifenden Hersteller von Ent6erprise Content Management in Deutschland. \u00dcber 10 [&hellip;]<\/p>\n","protected":false},"author":2,"featured_media":0,"parent":67,"menu_order":0,"comment_status":"closed","ping_status":"closed","template":"","meta":{"_seopress_robots_primary_cat":"","_seopress_titles_title":"Unsere Referenzen f\u00fcr individuelle Software und Retrofitting","_seopress_titles_desc":"Lasse dich von unseren Referenzen f\u00fcr individuelle Software und Retrofitting inspirieren!","_seopress_robots_index":"","footnotes":""},"class_list":["post-316","page","type-page","status-publish","hentry"],"_links":{"self":[{"href":"https:\/\/prod.erminas.com\/de\/wp-json\/wp\/v2\/pages\/316","targetHints":{"allow":["GET"]}}],"collection":[{"href":"https:\/\/prod.erminas.com\/de\/wp-json\/wp\/v2\/pages"}],"about":[{"href":"https:\/\/prod.erminas.com\/de\/wp-json\/wp\/v2\/types\/page"}],"author":[{"embeddable":true,"href":"https:\/\/prod.erminas.com\/de\/wp-json\/wp\/v2\/users\/2"}],"replies":[{"embeddable":true,"href":"https:\/\/prod.erminas.com\/de\/wp-json\/wp\/v2\/comments?post=316"}],"version-history":[{"count":267,"href":"https:\/\/prod.erminas.com\/de\/wp-json\/wp\/v2\/pages\/316\/revisions"}],"predecessor-version":[{"id":7169,"href":"https:\/\/prod.erminas.com\/de\/wp-json\/wp\/v2\/pages\/316\/revisions\/7169"}],"up":[{"embeddable":true,"href":"https:\/\/prod.erminas.com\/de\/wp-json\/wp\/v2\/pages\/67"}],"wp:attachment":[{"href":"https:\/\/prod.erminas.com\/de\/wp-json\/wp\/v2\/media?parent=316"}],"curies":[{"name":"wp","href":"https:\/\/api.w.org\/{rel}","templated":true}]}}