{"id":314,"date":"2023-05-22T09:52:01","date_gmt":"2023-05-22T09:52:01","guid":{"rendered":"https:\/\/prod.erminas.com\/?page_id=314"},"modified":"2023-12-19T12:53:22","modified_gmt":"2023-12-19T11:53:22","slug":"blog","status":"publish","type":"page","link":"https:\/\/prod.erminas.com\/de\/resourcen\/blog\/","title":{"rendered":"Blog"},"content":{"rendered":"\t\t<div data-elementor-type=\"wp-page\" data-elementor-id=\"314\" class=\"elementor elementor-314\" data-elementor-post-type=\"page\">\n\t\t\t\t\t\t<section class=\"elementor-section elementor-top-section elementor-element elementor-element-ebd71e9 elementor-section-height-min-height elementor-section-boxed elementor-section-height-default elementor-section-items-middle\" data-id=\"ebd71e9\" data-element_type=\"section\" data-settings=\"{&quot;background_background&quot;:&quot;classic&quot;}\">\n\t\t\t\t\t\t<div class=\"elementor-container elementor-column-gap-default\">\n\t\t\t\t\t<div class=\"elementor-column elementor-col-100 elementor-top-column elementor-element elementor-element-312cf1c\" data-id=\"312cf1c\" data-element_type=\"column\">\n\t\t\t<div class=\"elementor-widget-wrap elementor-element-populated\">\n\t\t\t\t\t\t<div class=\"elementor-element elementor-element-cf6887f elementor-invisible elementor-widget elementor-widget-heading\" data-id=\"cf6887f\" data-element_type=\"widget\" data-settings=\"{&quot;_animation&quot;:&quot;fadeInUp&quot;}\" data-widget_type=\"heading.default\">\n\t\t\t\t<div class=\"elementor-widget-container\">\n\t\t\t\t\t<h1 class=\"elementor-heading-title elementor-size-default\">Digitale Welten - Der erminas Blog<\/h1>\t\t\t\t<\/div>\n\t\t\t\t<\/div>\n\t\t\t\t<div class=\"elementor-element elementor-element-d53eb13 elementor-invisible elementor-widget elementor-widget-text-editor\" data-id=\"d53eb13\" data-element_type=\"widget\" data-settings=\"{&quot;_animation&quot;:&quot;fadeInUp&quot;}\" data-widget_type=\"text-editor.default\">\n\t\t\t\t<div class=\"elementor-widget-container\">\n\t\t\t\t\t\t\t\t\t<p>Hey! Sch\u00f6n, dass du da bist! Mit unserem Blog wollen wir das Wissen, dass wir uns durch unsere langj\u00e4hrige Arbeit im Feld angeeignet haben, an Dich weitergeben! Hier findest du spannende Beitr\u00e4ge \u00fcber Kundenprojekte, die digitale Transformation, Industrie 4.0, Standards in der Industrie und vieles mehr!\u00a0<\/p>\t\t\t\t\t\t\t\t<\/div>\n\t\t\t\t<\/div>\n\t\t\t\t<div class=\"elementor-element elementor-element-f55620a elementor-align-center elementor-invisible elementor-widget elementor-widget-button\" data-id=\"f55620a\" data-element_type=\"widget\" data-settings=\"{&quot;_animation&quot;:&quot;fadeInUp&quot;}\" data-widget_type=\"button.default\">\n\t\t\t\t<div class=\"elementor-widget-container\">\n\t\t\t\t\t\t\t\t\t<div class=\"elementor-button-wrapper\">\n\t\t\t\t\t<a class=\"elementor-button elementor-button-link elementor-size-sm\" href=\"#blogartikel\">\n\t\t\t\t\t\t<span class=\"elementor-button-content-wrapper\">\n\t\t\t\t\t\t\t\t\t<span class=\"elementor-button-text\">Jetzt entdecken<\/span>\n\t\t\t\t\t<\/span>\n\t\t\t\t\t<\/a>\n\t\t\t\t<\/div>\n\t\t\t\t\t\t\t\t<\/div>\n\t\t\t\t<\/div>\n\t\t\t\t\t<\/div>\n\t\t<\/div>\n\t\t\t\t\t<\/div>\n\t\t<\/section>\n\t\t\t\t<section class=\"elementor-section elementor-top-section elementor-element elementor-element-ad95f6f elementor-section-boxed elementor-section-height-default elementor-section-height-default\" data-id=\"ad95f6f\" data-element_type=\"section\">\n\t\t\t\t\t\t<div class=\"elementor-container elementor-column-gap-default\">\n\t\t\t\t\t<div class=\"elementor-column elementor-col-100 elementor-top-column elementor-element elementor-element-7aea7e9\" data-id=\"7aea7e9\" data-element_type=\"column\">\n\t\t\t<div class=\"elementor-widget-wrap elementor-element-populated\">\n\t\t\t\t\t\t<div class=\"elementor-element elementor-element-7debd14 elementor-widget elementor-widget-heading\" data-id=\"7debd14\" data-element_type=\"widget\" data-widget_type=\"heading.default\">\n\t\t\t\t<div class=\"elementor-widget-container\">\n\t\t\t\t\t<h2 class=\"elementor-heading-title elementor-size-default\">Digitale Welten - Unsere Blog Beitr\u00e4ge<\/h2>\t\t\t\t<\/div>\n\t\t\t\t<\/div>\n\t\t\t\t<div class=\"elementor-element elementor-element-8ef121f elementor-widget elementor-widget-menu-anchor\" data-id=\"8ef121f\" data-element_type=\"widget\" data-widget_type=\"menu-anchor.default\">\n\t\t\t\t<div class=\"elementor-widget-container\">\n\t\t\t\t\t\t\t<div class=\"elementor-menu-anchor\" id=\"blogartikel\"><\/div>\n\t\t\t\t\t\t<\/div>\n\t\t\t\t<\/div>\n\t\t\t\t<div class=\"elementor-element elementor-element-ca42ffd elementor-grid-2 elementor-grid-tablet-2 elementor-grid-mobile-1 elementor-posts--thumbnail-top load-more-align-center elementor-widget elementor-widget-posts\" data-id=\"ca42ffd\" data-element_type=\"widget\" data-settings=\"{&quot;classic_columns&quot;:&quot;2&quot;,&quot;classic_row_gap&quot;:{&quot;unit&quot;:&quot;px&quot;,&quot;size&quot;:100,&quot;sizes&quot;:[]},&quot;pagination_type&quot;:&quot;load_more_on_click&quot;,&quot;_animation&quot;:&quot;none&quot;,&quot;classic_columns_tablet&quot;:&quot;2&quot;,&quot;classic_columns_mobile&quot;:&quot;1&quot;,&quot;classic_row_gap_tablet&quot;:{&quot;unit&quot;:&quot;px&quot;,&quot;size&quot;:&quot;&quot;,&quot;sizes&quot;:[]},&quot;classic_row_gap_mobile&quot;:{&quot;unit&quot;:&quot;px&quot;,&quot;size&quot;:&quot;&quot;,&quot;sizes&quot;:[]},&quot;load_more_spinner&quot;:{&quot;value&quot;:&quot;fas fa-spinner&quot;,&quot;library&quot;:&quot;fa-solid&quot;}}\" data-widget_type=\"posts.classic\">\n\t\t\t\t<div class=\"elementor-widget-container\">\n\t\t\t\t\t\t\t<div class=\"elementor-posts-container elementor-posts elementor-posts--skin-classic elementor-grid\" role=\"list\">\n\t\t\t\t<article class=\"elementor-post elementor-grid-item post-7336 post type-post status-publish format-standard has-post-thumbnail hentry category-erminas\" role=\"listitem\">\n\t\t\t\t<a class=\"elementor-post__thumbnail__link\" href=\"https:\/\/prod.erminas.com\/de\/innovation-durch-verfuegbarkeit-in-der-masse-interview-mit-hilmar-bunjes-zur-sps-2023\/\" tabindex=\"-1\" >\n\t\t\t<div class=\"elementor-post__thumbnail\"><img fetchpriority=\"high\" decoding=\"async\" width=\"750\" height=\"250\" src=\"https:\/\/prod.erminas.com\/wp-content\/uploads\/2024\/01\/Hilmar-Bunjes-SPS-2023.webp\" class=\"attachment-full size-full wp-image-7339\" alt=\"\" srcset=\"https:\/\/prod.erminas.com\/wp-content\/uploads\/2024\/01\/Hilmar-Bunjes-SPS-2023.webp 750w, https:\/\/prod.erminas.com\/wp-content\/uploads\/2024\/01\/Hilmar-Bunjes-SPS-2023-300x100.webp 300w\" sizes=\"(max-width: 750px) 100vw, 750px\" \/><\/div>\n\t\t<\/a>\n\t\t\t\t<div class=\"elementor-post__text\">\n\t\t\t\t<h3 class=\"elementor-post__title\">\n\t\t\t<a href=\"https:\/\/prod.erminas.com\/de\/innovation-durch-verfuegbarkeit-in-der-masse-interview-mit-hilmar-bunjes-zur-sps-2023\/\" >\n\t\t\t\tInnovation durch Verf\u00fcgbarkeit in der Masse &#8211; Interview mit Hilmar Bunjes zur SPS 2023\t\t\t<\/a>\n\t\t<\/h3>\n\t\t\t\t<div class=\"elementor-post__meta-data\">\n\t\t\t\t\t<span class=\"elementor-post-date\">\n\t\t\t8. Dezember 2023\t\t<\/span>\n\t\t\t\t<\/div>\n\t\t\t\t<div class=\"elementor-post__excerpt\">\n\t\t\t<p>Die SPS 2023 ist eine der f\u00fchrenden Fachmessen f\u00fcr smarte und digitale Automatisierung. In den fr\u00fcheren Jahren lag der Schwerpunkt auf teilweise bahnbrechenden Innovationen, dieses<\/p>\n\t\t<\/div>\n\t\t\t\t<\/div>\n\t\t\t\t<\/article>\n\t\t\t\t<article class=\"elementor-post elementor-grid-item post-3303 post type-post status-publish format-standard has-post-thumbnail hentry category-erminas\" role=\"listitem\">\n\t\t\t\t<a class=\"elementor-post__thumbnail__link\" href=\"https:\/\/prod.erminas.com\/de\/erminas-blog\/\" tabindex=\"-1\" >\n\t\t\t<div class=\"elementor-post__thumbnail\"><img decoding=\"async\" width=\"750\" height=\"250\" src=\"https:\/\/prod.erminas.com\/wp-content\/uploads\/2023\/08\/Blog-Post-1-Header-Image.webp\" class=\"attachment-full size-full wp-image-5312\" alt=\"\" srcset=\"https:\/\/prod.erminas.com\/wp-content\/uploads\/2023\/08\/Blog-Post-1-Header-Image.webp 750w, https:\/\/prod.erminas.com\/wp-content\/uploads\/2023\/08\/Blog-Post-1-Header-Image-300x100.webp 300w\" sizes=\"(max-width: 750px) 100vw, 750px\" \/><\/div>\n\t\t<\/a>\n\t\t\t\t<div class=\"elementor-post__text\">\n\t\t\t\t<h3 class=\"elementor-post__title\">\n\t\t\t<a href=\"https:\/\/prod.erminas.com\/de\/erminas-blog\/\" >\n\t\t\t\tDigitale Welten &#8211; der NEUE erminas Blog\t\t\t<\/a>\n\t\t<\/h3>\n\t\t\t\t<div class=\"elementor-post__meta-data\">\n\t\t\t\t\t<span class=\"elementor-post-date\">\n\t\t\t24. August 2023\t\t<\/span>\n\t\t\t\t<\/div>\n\t\t\t\t<div class=\"elementor-post__excerpt\">\n\t\t\t<p>Wir stellen unseren neuen Blog vor! Mit dem Relaunch unserer Webseite, wird auch unseren Blog grundlegend \u00fcberarbeitet. <\/p>\n\t\t<\/div>\n\t\t\t\t<\/div>\n\t\t\t\t<\/article>\n\t\t\t\t<article class=\"elementor-post elementor-grid-item post-5317 post type-post status-publish format-standard has-post-thumbnail hentry category-erminas\" role=\"listitem\">\n\t\t\t\t<a class=\"elementor-post__thumbnail__link\" href=\"https:\/\/prod.erminas.com\/de\/girls-day-remote-wenn-maedchen-im-home-office-programmieren-lernen\/\" tabindex=\"-1\" >\n\t\t\t<div class=\"elementor-post__thumbnail\"><img decoding=\"async\" width=\"750\" height=\"250\" src=\"https:\/\/prod.erminas.com\/wp-content\/uploads\/2023\/09\/Blog-Post-2-Header-Image.webp\" class=\"attachment-full size-full wp-image-5322\" alt=\"\" srcset=\"https:\/\/prod.erminas.com\/wp-content\/uploads\/2023\/09\/Blog-Post-2-Header-Image.webp 750w, https:\/\/prod.erminas.com\/wp-content\/uploads\/2023\/09\/Blog-Post-2-Header-Image-300x100.webp 300w\" sizes=\"(max-width: 750px) 100vw, 750px\" \/><\/div>\n\t\t<\/a>\n\t\t\t\t<div class=\"elementor-post__text\">\n\t\t\t\t<h3 class=\"elementor-post__title\">\n\t\t\t<a href=\"https:\/\/prod.erminas.com\/de\/girls-day-remote-wenn-maedchen-im-home-office-programmieren-lernen\/\" >\n\t\t\t\tGirls\u2019 Day remote: Wenn M\u00e4dchen im Home Office programmieren lernen\t\t\t<\/a>\n\t\t<\/h3>\n\t\t\t\t<div class=\"elementor-post__meta-data\">\n\t\t\t\t\t<span class=\"elementor-post-date\">\n\t\t\t26. April 2021\t\t<\/span>\n\t\t\t\t<\/div>\n\t\t\t\t<div class=\"elementor-post__excerpt\">\n\t\t\t<p>Der Girl&#8217;s Day ist jedes Jahr ein wichtiger Tag f\u00fcr uns! Dieses Jahr hat der Tag bei erminas zum ersten mal komplett remote stattgefunden. <\/p>\n\t\t<\/div>\n\t\t\t\t<\/div>\n\t\t\t\t<\/article>\n\t\t\t\t<article class=\"elementor-post elementor-grid-item post-5325 post type-post status-publish format-standard has-post-thumbnail hentry category-erminas\" role=\"listitem\">\n\t\t\t\t<a class=\"elementor-post__thumbnail__link\" href=\"https:\/\/prod.erminas.com\/de\/home-office-zum-best-case-gehoert-vor-allem-vertrauen\/\" tabindex=\"-1\" >\n\t\t\t<div class=\"elementor-post__thumbnail\"><img loading=\"lazy\" decoding=\"async\" width=\"750\" height=\"250\" src=\"https:\/\/prod.erminas.com\/wp-content\/uploads\/2023\/09\/Blog-Post-3-Header-Image.webp\" class=\"attachment-full size-full wp-image-5326\" alt=\"\" srcset=\"https:\/\/prod.erminas.com\/wp-content\/uploads\/2023\/09\/Blog-Post-3-Header-Image.webp 750w, https:\/\/prod.erminas.com\/wp-content\/uploads\/2023\/09\/Blog-Post-3-Header-Image-300x100.webp 300w\" sizes=\"(max-width: 750px) 100vw, 750px\" \/><\/div>\n\t\t<\/a>\n\t\t\t\t<div class=\"elementor-post__text\">\n\t\t\t\t<h3 class=\"elementor-post__title\">\n\t\t\t<a href=\"https:\/\/prod.erminas.com\/de\/home-office-zum-best-case-gehoert-vor-allem-vertrauen\/\" >\n\t\t\t\tHome Office: Zum Best Case geh\u00f6rt vor allem Vertrauen\t\t\t<\/a>\n\t\t<\/h3>\n\t\t\t\t<div class=\"elementor-post__meta-data\">\n\t\t\t\t\t<span class=\"elementor-post-date\">\n\t\t\t15. Januar 2021\t\t<\/span>\n\t\t\t\t<\/div>\n\t\t\t\t<div class=\"elementor-post__excerpt\">\n\t\t\t<p>Die Pandemie hat die Arbeitswelt aktuell fest im Griff. Die Art uns Weise wie gearbeitet wird, ver\u00e4ndert sich. Eine Ver\u00e4nderung, die wir schon vor Jahren vollzogen haben. <\/p>\n\t\t<\/div>\n\t\t\t\t<\/div>\n\t\t\t\t<\/article>\n\t\t\t\t<article class=\"elementor-post elementor-grid-item post-5329 post type-post status-publish format-standard has-post-thumbnail hentry category-erminas\" role=\"listitem\">\n\t\t\t\t<a class=\"elementor-post__thumbnail__link\" href=\"https:\/\/prod.erminas.com\/de\/roll-out-revpi-nodes-auf-jedem-revolution-pi\/\" tabindex=\"-1\" >\n\t\t\t<div class=\"elementor-post__thumbnail\"><img loading=\"lazy\" decoding=\"async\" width=\"750\" height=\"250\" src=\"https:\/\/prod.erminas.com\/wp-content\/uploads\/2023\/09\/Blog-Post-4-Header.webp\" class=\"attachment-full size-full wp-image-5335\" alt=\"\" srcset=\"https:\/\/prod.erminas.com\/wp-content\/uploads\/2023\/09\/Blog-Post-4-Header.webp 750w, https:\/\/prod.erminas.com\/wp-content\/uploads\/2023\/09\/Blog-Post-4-Header-300x100.webp 300w\" sizes=\"(max-width: 750px) 100vw, 750px\" \/><\/div>\n\t\t<\/a>\n\t\t\t\t<div class=\"elementor-post__text\">\n\t\t\t\t<h3 class=\"elementor-post__title\">\n\t\t\t<a href=\"https:\/\/prod.erminas.com\/de\/roll-out-revpi-nodes-auf-jedem-revolution-pi\/\" >\n\t\t\t\tRoll-Out: RevPi Nodes auf jedem Revolution Pi\t\t\t<\/a>\n\t\t<\/h3>\n\t\t\t\t<div class=\"elementor-post__meta-data\">\n\t\t\t\t\t<span class=\"elementor-post-date\">\n\t\t\t8. Juli 2020\t\t<\/span>\n\t\t\t\t<\/div>\n\t\t\t\t<div class=\"elementor-post__excerpt\">\n\t\t\t<p>Der Revolution Pi von Kunbus kam 2016 als erster wirklich industrietauglicher Raspberry Pi mit der Schutzklasse IP20 auf den Markt. Jetzt mir RevPi Nodes vorinstalliert!<\/p>\n\t\t<\/div>\n\t\t\t\t<\/div>\n\t\t\t\t<\/article>\n\t\t\t\t<article class=\"elementor-post elementor-grid-item post-5338 post type-post status-publish format-standard has-post-thumbnail hentry category-erminas\" role=\"listitem\">\n\t\t\t\t<a class=\"elementor-post__thumbnail__link\" href=\"https:\/\/prod.erminas.com\/de\/webinar-digitalisierung-mit-ihren-maschinen-und-dem-dms\/\" tabindex=\"-1\" >\n\t\t\t<div class=\"elementor-post__thumbnail\"><img loading=\"lazy\" decoding=\"async\" width=\"750\" height=\"250\" src=\"https:\/\/prod.erminas.com\/wp-content\/uploads\/2023\/09\/Blog-Post-5-Header.webp\" class=\"attachment-full size-full wp-image-5339\" alt=\"\" srcset=\"https:\/\/prod.erminas.com\/wp-content\/uploads\/2023\/09\/Blog-Post-5-Header.webp 750w, https:\/\/prod.erminas.com\/wp-content\/uploads\/2023\/09\/Blog-Post-5-Header-300x100.webp 300w\" sizes=\"(max-width: 750px) 100vw, 750px\" \/><\/div>\n\t\t<\/a>\n\t\t\t\t<div class=\"elementor-post__text\">\n\t\t\t\t<h3 class=\"elementor-post__title\">\n\t\t\t<a href=\"https:\/\/prod.erminas.com\/de\/webinar-digitalisierung-mit-ihren-maschinen-und-dem-dms\/\" >\n\t\t\t\tWebinar: Digitalisierung mit Ihren Maschinen und dem DMS\t\t\t<\/a>\n\t\t<\/h3>\n\t\t\t\t<div class=\"elementor-post__meta-data\">\n\t\t\t\t\t<span class=\"elementor-post-date\">\n\t\t\t28. Mai 2020\t\t<\/span>\n\t\t\t\t<\/div>\n\t\t\t\t<div class=\"elementor-post__excerpt\">\n\t\t\t<p>erminas Gr\u00fcnder Hilmar Bunjes hat im Webinar gemeinsam mit unseren Partnern von Schmidt + Berner Fallbeispiele vorgestellt. Schau mal rein!<\/p>\n\t\t<\/div>\n\t\t\t\t<\/div>\n\t\t\t\t<\/article>\n\t\t\t\t<article class=\"elementor-post elementor-grid-item post-5342 post type-post status-publish format-standard has-post-thumbnail hentry category-erminas\" role=\"listitem\">\n\t\t\t\t<a class=\"elementor-post__thumbnail__link\" href=\"https:\/\/prod.erminas.com\/de\/node-red-und-die-revpi-nodes-fuer-kleine-loesungen-und-rapid-prototyping\/\" tabindex=\"-1\" >\n\t\t\t<div class=\"elementor-post__thumbnail\"><img loading=\"lazy\" decoding=\"async\" width=\"750\" height=\"250\" src=\"https:\/\/prod.erminas.com\/wp-content\/uploads\/2023\/09\/Blog-Post-6-Header_Zeichenflaeche-1.webp\" class=\"attachment-full size-full wp-image-5343\" alt=\"\" srcset=\"https:\/\/prod.erminas.com\/wp-content\/uploads\/2023\/09\/Blog-Post-6-Header_Zeichenflaeche-1.webp 750w, https:\/\/prod.erminas.com\/wp-content\/uploads\/2023\/09\/Blog-Post-6-Header_Zeichenflaeche-1-300x100.webp 300w\" sizes=\"(max-width: 750px) 100vw, 750px\" \/><\/div>\n\t\t<\/a>\n\t\t\t\t<div class=\"elementor-post__text\">\n\t\t\t\t<h3 class=\"elementor-post__title\">\n\t\t\t<a href=\"https:\/\/prod.erminas.com\/de\/node-red-und-die-revpi-nodes-fuer-kleine-loesungen-und-rapid-prototyping\/\" >\n\t\t\t\tNode-RED und die RevPi Nodes: F\u00fcr kleine L\u00f6sungen und Rapid Prototyping\t\t\t<\/a>\n\t\t<\/h3>\n\t\t\t\t<div class=\"elementor-post__meta-data\">\n\t\t\t\t\t<span class=\"elementor-post-date\">\n\t\t\t30. April 2020\t\t<\/span>\n\t\t\t\t<\/div>\n\t\t\t\t<div class=\"elementor-post__excerpt\">\n\t\t\t<p>Das Entwicklungswerkzeug Node-RED kommt eigentlich aus dem Smart-Home-Bereich. Doch auch im Bereich IIoT findet es in bestimmten F\u00e4llen praktische Anwendungen. <\/p>\n\t\t<\/div>\n\t\t\t\t<\/div>\n\t\t\t\t<\/article>\n\t\t\t\t<article class=\"elementor-post elementor-grid-item post-5645 post type-post status-publish format-standard has-post-thumbnail hentry category-erminas\" role=\"listitem\">\n\t\t\t\t<a class=\"elementor-post__thumbnail__link\" href=\"https:\/\/prod.erminas.com\/de\/wir-kommen-ins-home-office-online-seminar-digitalisierung\/\" tabindex=\"-1\" >\n\t\t\t<div class=\"elementor-post__thumbnail\"><img loading=\"lazy\" decoding=\"async\" width=\"750\" height=\"250\" src=\"https:\/\/prod.erminas.com\/wp-content\/uploads\/2023\/10\/Blog-Post-13.webp\" class=\"attachment-full size-full wp-image-5650\" alt=\"\" srcset=\"https:\/\/prod.erminas.com\/wp-content\/uploads\/2023\/10\/Blog-Post-13.webp 750w, https:\/\/prod.erminas.com\/wp-content\/uploads\/2023\/10\/Blog-Post-13-300x100.webp 300w\" sizes=\"(max-width: 750px) 100vw, 750px\" \/><\/div>\n\t\t<\/a>\n\t\t\t\t<div class=\"elementor-post__text\">\n\t\t\t\t<h3 class=\"elementor-post__title\">\n\t\t\t<a href=\"https:\/\/prod.erminas.com\/de\/wir-kommen-ins-home-office-online-seminar-digitalisierung\/\" >\n\t\t\t\tWir kommen ins Home Office: Online-Seminar Digitalisierung\t\t\t<\/a>\n\t\t<\/h3>\n\t\t\t\t<div class=\"elementor-post__meta-data\">\n\t\t\t\t\t<span class=\"elementor-post-date\">\n\t\t\t22. April 2020\t\t<\/span>\n\t\t\t\t<\/div>\n\t\t\t\t<div class=\"elementor-post__excerpt\">\n\t\t\t<p>Wenn Sie nicht zu uns kommen k\u00f6nnen, und wir nicht zu Ihnen in Ihr Unternehmen, dann kommen wir einfach in Ihr Home Office: Online nat\u00fcrlich.<\/p>\n\t\t<\/div>\n\t\t\t\t<\/div>\n\t\t\t\t<\/article>\n\t\t\t\t<\/div>\n\t\t\t\t\t<span class=\"e-load-more-spinner\">\n\t\t\t\t<i aria-hidden=\"true\" class=\"fas fa-spinner\"><\/i>\t\t\t<\/span>\n\t\t\n\t\t\t\t<div class=\"e-load-more-anchor\" data-page=\"1\" data-max-page=\"3\" data-next-page=\"https:\/\/prod.erminas.com\/de\/wp-json\/wp\/v2\/pages\/314\/page\/2\/\"><\/div>\n\t\t\t\t<div class=\"elementor-button-wrapper\">\n\t\t\t<a class=\"elementor-button elementor-size-sm\" role=\"button\">\n\t\t\t\t\t\t<span class=\"elementor-button-content-wrapper\">\n\t\t\t\t\t\t\t\t\t<span class=\"elementor-button-text\">Mehr anzeigen<\/span>\n\t\t\t\t\t<\/span>\n\t\t\t\t\t<\/a>\n\t\t<\/div>\n\t\t\t\t<div class=\"e-load-more-message\"><\/div>\n\t\t\t\t\t\t<\/div>\n\t\t\t\t<\/div>\n\t\t\t\t\t<\/div>\n\t\t<\/div>\n\t\t\t\t\t<\/div>\n\t\t<\/section>\n\t\t\t\t<\/div>\n\t\t","protected":false},"excerpt":{"rendered":"<p>Digitale Welten &#8211; Der erminas Blog Hey! Sch\u00f6n, dass du da bist! Mit unserem Blog wollen wir das Wissen, dass wir uns durch unsere langj\u00e4hrige Arbeit im Feld angeeignet haben, an Dich weitergeben! Hier findest du spannende Beitr\u00e4ge \u00fcber Kundenprojekte, die digitale Transformation, Industrie 4.0, Standards in der Industrie und vieles mehr!\u00a0 Jetzt entdecken Digitale [&hellip;]<\/p>\n","protected":false},"author":2,"featured_media":0,"parent":67,"menu_order":0,"comment_status":"closed","ping_status":"closed","template":"","meta":{"_seopress_robots_primary_cat":"","_seopress_titles_title":"Digitale Welten! Der erminas Blog - erminas GmbH","_seopress_titles_desc":"Beispiele aus der Praxis, News aus der Branche, alles \u00fcber erminas! Dein Blog f\u00fcr Digitalisierungsthemen!","_seopress_robots_index":"","footnotes":""},"class_list":["post-314","page","type-page","status-publish","hentry"],"_links":{"self":[{"href":"https:\/\/prod.erminas.com\/de\/wp-json\/wp\/v2\/pages\/314","targetHints":{"allow":["GET"]}}],"collection":[{"href":"https:\/\/prod.erminas.com\/de\/wp-json\/wp\/v2\/pages"}],"about":[{"href":"https:\/\/prod.erminas.com\/de\/wp-json\/wp\/v2\/types\/page"}],"author":[{"embeddable":true,"href":"https:\/\/prod.erminas.com\/de\/wp-json\/wp\/v2\/users\/2"}],"replies":[{"embeddable":true,"href":"https:\/\/prod.erminas.com\/de\/wp-json\/wp\/v2\/comments?post=314"}],"version-history":[{"count":197,"href":"https:\/\/prod.erminas.com\/de\/wp-json\/wp\/v2\/pages\/314\/revisions"}],"predecessor-version":[{"id":7179,"href":"https:\/\/prod.erminas.com\/de\/wp-json\/wp\/v2\/pages\/314\/revisions\/7179"}],"up":[{"embeddable":true,"href":"https:\/\/prod.erminas.com\/de\/wp-json\/wp\/v2\/pages\/67"}],"wp:attachment":[{"href":"https:\/\/prod.erminas.com\/de\/wp-json\/wp\/v2\/media?parent=314"}],"curies":[{"name":"wp","href":"https:\/\/api.w.org\/{rel}","templated":true}]}}