{"id":306,"date":"2023-05-22T09:49:51","date_gmt":"2023-05-22T09:49:51","guid":{"rendered":"https:\/\/prod.erminas.com\/?page_id=306"},"modified":"2023-12-22T12:17:42","modified_gmt":"2023-12-22T11:17:42","slug":"ertrace","status":"publish","type":"page","link":"https:\/\/prod.erminas.com\/de\/produkte\/ertrace\/","title":{"rendered":"erTRACE"},"content":{"rendered":"\t\t<div data-elementor-type=\"wp-page\" data-elementor-id=\"306\" class=\"elementor elementor-306\" data-elementor-post-type=\"page\">\n\t\t\t\t\t\t<section class=\"elementor-section elementor-top-section elementor-element elementor-element-4bac9fa elementor-section-height-min-height elementor-section-boxed elementor-section-height-default elementor-section-items-middle\" data-id=\"4bac9fa\" data-element_type=\"section\">\n\t\t\t\t\t\t<div class=\"elementor-container elementor-column-gap-default\">\n\t\t\t\t\t<div class=\"elementor-column elementor-col-100 elementor-top-column elementor-element elementor-element-20907b7\" data-id=\"20907b7\" data-element_type=\"column\">\n\t\t\t<div class=\"elementor-widget-wrap elementor-element-populated\">\n\t\t\t\t\t\t<div class=\"elementor-element elementor-element-e39a931 elementor-invisible elementor-widget elementor-widget-heading\" data-id=\"e39a931\" data-element_type=\"widget\" data-settings=\"{&quot;_animation&quot;:&quot;fadeInUp&quot;}\" data-widget_type=\"heading.default\">\n\t\t\t\t<div class=\"elementor-widget-container\">\n\t\t\t\t\t<h1 class=\"elementor-heading-title elementor-size-default\">erTRACE - Der digitale Zwilling<\/h1>\t\t\t\t<\/div>\n\t\t\t\t<\/div>\n\t\t\t\t<div class=\"elementor-element elementor-element-1bd70f9 elementor-invisible elementor-widget elementor-widget-image\" data-id=\"1bd70f9\" data-element_type=\"widget\" data-settings=\"{&quot;_animation&quot;:&quot;fadeInUp&quot;}\" data-widget_type=\"image.default\">\n\t\t\t\t<div class=\"elementor-widget-container\">\n\t\t\t\t\t\t\t\t\t\t\t\t\t\t\t<img fetchpriority=\"high\" decoding=\"async\" width=\"768\" height=\"162\" src=\"https:\/\/prod.erminas.com\/wp-content\/uploads\/2023\/09\/Hero-Image-erTRACE-768x162.webp\" class=\"attachment-medium_large size-medium_large wp-image-4670\" alt=\"erTRACE Logo, Visualisierung des digitalen Zwillings\" srcset=\"https:\/\/prod.erminas.com\/wp-content\/uploads\/2023\/09\/Hero-Image-erTRACE-768x162.webp 768w, https:\/\/prod.erminas.com\/wp-content\/uploads\/2023\/09\/Hero-Image-erTRACE-300x63.webp 300w, https:\/\/prod.erminas.com\/wp-content\/uploads\/2023\/09\/Hero-Image-erTRACE-1024x216.webp 1024w, https:\/\/prod.erminas.com\/wp-content\/uploads\/2023\/09\/Hero-Image-erTRACE.webp 1140w\" sizes=\"(max-width: 768px) 100vw, 768px\" \/>\t\t\t\t\t\t\t\t\t\t\t\t\t\t\t<\/div>\n\t\t\t\t<\/div>\n\t\t\t\t<div class=\"elementor-element elementor-element-34039be elementor-invisible elementor-widget elementor-widget-text-editor\" data-id=\"34039be\" data-element_type=\"widget\" data-settings=\"{&quot;_animation&quot;:&quot;fadeInUp&quot;}\" data-widget_type=\"text-editor.default\">\n\t\t\t\t<div class=\"elementor-widget-container\">\n\t\t\t\t\t\t\t\t\t<p>Mit erTRACE zeichnest Du den Zustand Deiner Maschinen und Deiner speicherprogrammierbaren Steuerungen auf und erh\u00e4ltst so einen digitalen Zwilling Deiner Anlagen. Die gesammelten Echtdaten k\u00f6nnen f\u00fcr umfangreiche Integrations-, Test- und Debugging-Szenarien w\u00e4hrend Deine laufende Produktion nicht gest\u00f6rt wird.\u00a0<\/p>\t\t\t\t\t\t\t\t<\/div>\n\t\t\t\t<\/div>\n\t\t\t\t<div class=\"elementor-element elementor-element-2d06f05 elementor-align-center elementor-invisible elementor-widget elementor-widget-button\" data-id=\"2d06f05\" data-element_type=\"widget\" data-settings=\"{&quot;_animation&quot;:&quot;fadeInUp&quot;}\" data-widget_type=\"button.default\">\n\t\t\t\t<div class=\"elementor-widget-container\">\n\t\t\t\t\t\t\t\t\t<div class=\"elementor-button-wrapper\">\n\t\t\t\t\t<a class=\"elementor-button elementor-button-link elementor-size-sm\" href=\"#ertraceanchor\">\n\t\t\t\t\t\t<span class=\"elementor-button-content-wrapper\">\n\t\t\t\t\t\t\t\t\t<span class=\"elementor-button-text\">Mehr erfahren<\/span>\n\t\t\t\t\t<\/span>\n\t\t\t\t\t<\/a>\n\t\t\t\t<\/div>\n\t\t\t\t\t\t\t\t<\/div>\n\t\t\t\t<\/div>\n\t\t\t\t\t<\/div>\n\t\t<\/div>\n\t\t\t\t\t<\/div>\n\t\t<\/section>\n\t\t\t\t<section class=\"elementor-section elementor-top-section elementor-element elementor-element-94e8553 elementor-section-boxed elementor-section-height-default elementor-section-height-default\" data-id=\"94e8553\" data-element_type=\"section\">\n\t\t\t\t\t\t<div class=\"elementor-container elementor-column-gap-default\">\n\t\t\t\t\t<div class=\"elementor-column elementor-col-100 elementor-top-column elementor-element elementor-element-899b4a1\" data-id=\"899b4a1\" data-element_type=\"column\">\n\t\t\t<div class=\"elementor-widget-wrap elementor-element-populated\">\n\t\t\t\t\t\t<div class=\"elementor-element elementor-element-2576215 elementor-widget elementor-widget-menu-anchor\" data-id=\"2576215\" data-element_type=\"widget\" data-widget_type=\"menu-anchor.default\">\n\t\t\t\t<div class=\"elementor-widget-container\">\n\t\t\t\t\t\t\t<div class=\"elementor-menu-anchor\" id=\"ertraceanchor\"><\/div>\n\t\t\t\t\t\t<\/div>\n\t\t\t\t<\/div>\n\t\t\t\t<div class=\"elementor-element elementor-element-966a151 elementor-widget elementor-widget-heading\" data-id=\"966a151\" data-element_type=\"widget\" data-settings=\"{&quot;_animation_mobile&quot;:&quot;none&quot;}\" data-widget_type=\"heading.default\">\n\t\t\t\t<div class=\"elementor-widget-container\">\n\t\t\t\t\t<h2 class=\"elementor-heading-title elementor-size-default\">Die Vorteile von erTRACE in Deinem Unternehmen <\/h2>\t\t\t\t<\/div>\n\t\t\t\t<\/div>\n\t\t\t\t<div class=\"elementor-element elementor-element-cb0845a elementor-widget elementor-widget-text-editor\" data-id=\"cb0845a\" data-element_type=\"widget\" data-settings=\"{&quot;_animation_mobile&quot;:&quot;none&quot;}\" data-widget_type=\"text-editor.default\">\n\t\t\t\t<div class=\"elementor-widget-container\">\n\t\t\t\t\t\t\t\t\t<p>Mit erTRACE kannst du von vielen Vorteilen f\u00fcr Dein Unternehmen profitieren. Und auch die Mitarbeiter:innen werden sich f\u00fcr den Einsatz von erTRACE bei Dir bedanken. Denn in lauten, hektischen Arbeitsumgebungen in der Fabrik m\u00fcssen sich Entwickler nicht mehr aufhalten sondern k\u00f6nnen vom Schreibtisch aus auf s\u00e4mtliche Informationen zugreifen.<\/p><p>Du ben\u00f6tigst weitere Informationen zu erTRACE? Gerne stellen wir Dir die ben\u00f6tigten informationen zur Verf\u00fcgung. Wir freuen uns \u00fcber deine Nachricht!<\/p>\t\t\t\t\t\t\t\t<\/div>\n\t\t\t\t<\/div>\n\t\t\t\t<section class=\"elementor-section elementor-inner-section elementor-element elementor-element-7344685 elementor-section-boxed elementor-section-height-default elementor-section-height-default\" data-id=\"7344685\" data-element_type=\"section\">\n\t\t\t\t\t\t<div class=\"elementor-container elementor-column-gap-default\">\n\t\t\t\t\t<div class=\"elementor-column elementor-col-50 elementor-inner-column elementor-element elementor-element-2a078f5\" data-id=\"2a078f5\" data-element_type=\"column\" data-settings=\"{&quot;animation_mobile&quot;:&quot;none&quot;}\">\n\t\t\t<div class=\"elementor-widget-wrap\">\n\t\t\t\t\t\t\t<\/div>\n\t\t<\/div>\n\t\t\t\t<div class=\"elementor-column elementor-col-50 elementor-inner-column elementor-element elementor-element-0d07b0b elementor-hidden-mobile\" data-id=\"0d07b0b\" data-element_type=\"column\">\n\t\t\t<div class=\"elementor-widget-wrap\">\n\t\t\t\t\t\t\t<\/div>\n\t\t<\/div>\n\t\t\t\t\t<\/div>\n\t\t<\/section>\n\t\t\t\t\t<\/div>\n\t\t<\/div>\n\t\t\t\t\t<\/div>\n\t\t<\/section>\n\t\t\t\t<section class=\"elementor-section elementor-top-section elementor-element elementor-element-7fd23ba elementor-section-boxed elementor-section-height-default elementor-section-height-default\" data-id=\"7fd23ba\" data-element_type=\"section\" data-settings=\"{&quot;background_background&quot;:&quot;classic&quot;}\">\n\t\t\t\t\t\t<div class=\"elementor-container elementor-column-gap-default\">\n\t\t\t\t\t<div class=\"elementor-column elementor-col-100 elementor-top-column elementor-element elementor-element-398fbfa\" data-id=\"398fbfa\" data-element_type=\"column\">\n\t\t\t<div class=\"elementor-widget-wrap elementor-element-populated\">\n\t\t\t\t\t\t<div class=\"elementor-element elementor-element-f9a6037 elementor-widget elementor-widget-heading\" data-id=\"f9a6037\" data-element_type=\"widget\" data-settings=\"{&quot;_animation_mobile&quot;:&quot;none&quot;}\" data-widget_type=\"heading.default\">\n\t\t\t\t<div class=\"elementor-widget-container\">\n\t\t\t\t\t<h2 class=\"elementor-heading-title elementor-size-default\">H\u00e4ufig gestellte Fragen<\/h2>\t\t\t\t<\/div>\n\t\t\t\t<\/div>\n\t\t\t\t<div class=\"elementor-element elementor-element-72d1736 elementor-widget elementor-widget-text-editor\" data-id=\"72d1736\" data-element_type=\"widget\" data-settings=\"{&quot;_animation_mobile&quot;:&quot;none&quot;}\" data-widget_type=\"text-editor.default\">\n\t\t\t\t<div class=\"elementor-widget-container\">\n\t\t\t\t\t\t\t\t\t<p>Du hast Fragen zu erTRACE? Gerne versuchen wir dir schon ein paar Informationen bereitzustellen. Vielleicht wird deine Frage ja bereits beantwortet. Ansonsten kannst du uns nat\u00fcrlich jederzeit kontaktieren.<\/p>\t\t\t\t\t\t\t\t<\/div>\n\t\t\t\t<\/div>\n\t\t\t\t<div class=\"elementor-element elementor-element-208dbf5 elementor-widget elementor-widget-pp-faq\" data-id=\"208dbf5\" data-element_type=\"widget\" data-settings=\"{&quot;accordion_type&quot;:&quot;toggle&quot;,&quot;_animation_mobile&quot;:&quot;none&quot;,&quot;faq_layout&quot;:&quot;accordion&quot;,&quot;toggle_speed&quot;:300}\" data-widget_type=\"pp-faq.default\">\n\t\t\t\t<div class=\"elementor-widget-container\">\n\t\t\t\t\t\t\t<div class=\"pp-faqs pp-advanced-accordion pp-toggle-icon-align-right\" id=\"pp-advanced-accordion-208dbf5\" data-accordion-id=\"208dbf5\">\n\t\t\t\t\t\t<div class=\"pp-faq-item elementor-grid-item pp-accordion-item\">\n\t\t\t\t<div id=\"pp-accordion-tab-title-3411\" class=\"pp-faq-question pp-accordion-tab-title\" tabindex=\"0\" data-tab=\"1\">\n\t\t\t\t\t<div class=\"pp-accordion-title-icon\">\n\t\t\t\t\t\t\t\t\t\t\t\t\t\t\t\t\t\t<div class=\"pp-accordion-title-text\">\n\t\t\t\t\t\t\tWie funktioniert erTRACE?\t\t\t\t\t\t<\/div>\n\t\t\t\t\t<\/div>\n\t\t\t\t\t\t\t\t\t\t\t<div class=\"pp-accordion-toggle-icon\">\n\t\t\t\t\t\t\t\t\t\t\t\t\t\t\t<span class='pp-accordion-toggle-icon-close pp-icon'>\n\t\t\t\t\t\t\t\t\t<i aria-hidden=\"true\" class=\"fas fa-plus\"><\/i>\t\t\t\t\t\t\t\t<\/span>\n\t\t\t\t\t\t\t\t\t\t\t\t\t\t\t\t\t\t\t\t\t\t<span class='pp-accordion-toggle-icon-open pp-icon'>\n\t\t\t\t\t\t\t\t\t<i aria-hidden=\"true\" class=\"fas fa-minus\"><\/i>\t\t\t\t\t\t\t\t<\/span>\n\t\t\t\t\t\t\t\t\t\t\t\t\t<\/div>\n\t\t\t\t\t\t\t\t\t<\/div>\n\n\t\t\t\t<div id=\"pp-accordion-tab-content-3411\" class=\"pp-faq-answer pp-accordion-tab-content\" data-tab=\"1\">\n\t\t\t\t\t<p>Aus Sicht des Revolution Pi als SPS (Speicherprogrammierbare Steuerung) besteht eine Anlage aus Sensoren und Aktoren, beziehungsweise aus den Signalen, die sie von der Anlage erh\u00e4lt und die sie an deren Aktoren schreibt. erTRACE kann diese Signale aufzeichnen und wieder abspielen. So k\u00f6nnen Standardszenarien aufgezeichnet und gesammelt werden und vor der Auslieferung eines neuen oder ge\u00e4nderten Programmes durchgetestet werden. Dies erm\u00f6glicht Tests mit Echtdaten und erlaubt so agile Software-Entwicklung mit dem Revolution Pi.<\/p>\n<p>erTRACE kann auch w\u00e4hrend der Produktion mitlaufen. Passiert ein Fehler, kann die Aufzeichnung verwendet werden, um den Fehler in der Entwicklungsumgebung beliebig oft zu reproduzieren und entsprechende L\u00f6sungsszenarien entwickeln zu k\u00f6nnen.<\/p>\n\t\t\t\t<\/div>\n\t\t\t<\/div>\n\t\t\t\t\t\t<div class=\"pp-faq-item elementor-grid-item pp-accordion-item\">\n\t\t\t\t<div id=\"pp-accordion-tab-title-3412\" class=\"pp-faq-question pp-accordion-tab-title\" tabindex=\"0\" data-tab=\"2\">\n\t\t\t\t\t<div class=\"pp-accordion-title-icon\">\n\t\t\t\t\t\t\t\t\t\t\t\t\t\t\t\t\t\t<div class=\"pp-accordion-title-text\">\n\t\t\t\t\t\t\tWelche Vorteile bringt erTRACE mit sich? \t\t\t\t\t\t<\/div>\n\t\t\t\t\t<\/div>\n\t\t\t\t\t\t\t\t\t\t\t<div class=\"pp-accordion-toggle-icon\">\n\t\t\t\t\t\t\t\t\t\t\t\t\t\t\t<span class='pp-accordion-toggle-icon-close pp-icon'>\n\t\t\t\t\t\t\t\t\t<i aria-hidden=\"true\" class=\"fas fa-plus\"><\/i>\t\t\t\t\t\t\t\t<\/span>\n\t\t\t\t\t\t\t\t\t\t\t\t\t\t\t\t\t\t\t\t\t\t<span class='pp-accordion-toggle-icon-open pp-icon'>\n\t\t\t\t\t\t\t\t\t<i aria-hidden=\"true\" class=\"fas fa-minus\"><\/i>\t\t\t\t\t\t\t\t<\/span>\n\t\t\t\t\t\t\t\t\t\t\t\t\t<\/div>\n\t\t\t\t\t\t\t\t\t<\/div>\n\n\t\t\t\t<div id=\"pp-accordion-tab-content-3412\" class=\"pp-faq-answer pp-accordion-tab-content\" data-tab=\"2\">\n\t\t\t\t\t<p>Aus der Praxis wissen wir, dass Anpassungen und Fehlerbehebungen an bestehenden Anlagen arbeits- und kostenintensiv sein k\u00f6nnen. Das Problem besteht darin, dass man im Tagesgesch\u00e4ft nicht einfach jede Situation und jeden Zustand der Anlage f\u00fcr Testzwecke herstellen kann. Stattdessen m\u00fcssen die Programmierer oft Stunden und sogar Tage warten, um ein bestimmtes Ereignis im Tagesgesch\u00e4ft erneut beobachten zu k\u00f6nnen. Das ist zeitintensiv und war bisher nur vor Ort m\u00f6glich.<\/p>\n<p>Mit erTRACE ist es viel einfacher. Kennt man die Uhrzeit, zu der ein Fehler-Zustand eintritt, l\u00e4dt sich der Entwickler die Aufzeichnung des betreffenden Zeitraums herunter und kann das Programm beliebig oft damit testen \u2013 bequem am Schreibtisch und nicht auf dem Shopfloor oder sogar drau\u00dfen im Gel\u00e4nde. Gerade f\u00fcr die Behebung selten auftretender Fehler ist dies ein riesiger Vorteil.<\/p>\n\t\t\t\t<\/div>\n\t\t\t<\/div>\n\t\t\t\t\t\t<div class=\"pp-faq-item elementor-grid-item pp-accordion-item\">\n\t\t\t\t<div id=\"pp-accordion-tab-title-3413\" class=\"pp-faq-question pp-accordion-tab-title\" tabindex=\"0\" data-tab=\"3\">\n\t\t\t\t\t<div class=\"pp-accordion-title-icon\">\n\t\t\t\t\t\t\t\t\t\t\t\t\t\t\t\t\t\t<div class=\"pp-accordion-title-text\">\n\t\t\t\t\t\t\tWie wird erTRACE installiert? \t\t\t\t\t\t<\/div>\n\t\t\t\t\t<\/div>\n\t\t\t\t\t\t\t\t\t\t\t<div class=\"pp-accordion-toggle-icon\">\n\t\t\t\t\t\t\t\t\t\t\t\t\t\t\t<span class='pp-accordion-toggle-icon-close pp-icon'>\n\t\t\t\t\t\t\t\t\t<i aria-hidden=\"true\" class=\"fas fa-plus\"><\/i>\t\t\t\t\t\t\t\t<\/span>\n\t\t\t\t\t\t\t\t\t\t\t\t\t\t\t\t\t\t\t\t\t\t<span class='pp-accordion-toggle-icon-open pp-icon'>\n\t\t\t\t\t\t\t\t\t<i aria-hidden=\"true\" class=\"fas fa-minus\"><\/i>\t\t\t\t\t\t\t\t<\/span>\n\t\t\t\t\t\t\t\t\t\t\t\t\t<\/div>\n\t\t\t\t\t\t\t\t\t<\/div>\n\n\t\t\t\t<div id=\"pp-accordion-tab-content-3413\" class=\"pp-faq-answer pp-accordion-tab-content\" data-tab=\"3\">\n\t\t\t\t\t<p>Die Installation von erTRACE ist denkbar einfach. erTRACE l\u00e4uft auf dem Revolution Pi und beobachtet die Eingangs- und Ausgangssignale. So kann das System die Aufzeichnungen vornehmen. Die Aufzeichnungen werden auf dem Revolution Pi oder zentral gesammelt und k\u00f6nnen auf dem selben oder auf anderen Revolution Pi wieder ausgef\u00fchrt werden.<\/p>\n\t\t\t\t<\/div>\n\t\t\t<\/div>\n\t\t\t\t\t\t<div class=\"pp-faq-item elementor-grid-item pp-accordion-item\">\n\t\t\t\t<div id=\"pp-accordion-tab-title-3414\" class=\"pp-faq-question pp-accordion-tab-title\" tabindex=\"0\" data-tab=\"4\">\n\t\t\t\t\t<div class=\"pp-accordion-title-icon\">\n\t\t\t\t\t\t\t\t\t\t\t\t\t\t\t\t\t\t<div class=\"pp-accordion-title-text\">\n\t\t\t\t\t\t\tWoher bekomme ich eine erTRACE Lizenz? \t\t\t\t\t\t<\/div>\n\t\t\t\t\t<\/div>\n\t\t\t\t\t\t\t\t\t\t\t<div class=\"pp-accordion-toggle-icon\">\n\t\t\t\t\t\t\t\t\t\t\t\t\t\t\t<span class='pp-accordion-toggle-icon-close pp-icon'>\n\t\t\t\t\t\t\t\t\t<i aria-hidden=\"true\" class=\"fas fa-plus\"><\/i>\t\t\t\t\t\t\t\t<\/span>\n\t\t\t\t\t\t\t\t\t\t\t\t\t\t\t\t\t\t\t\t\t\t<span class='pp-accordion-toggle-icon-open pp-icon'>\n\t\t\t\t\t\t\t\t\t<i aria-hidden=\"true\" class=\"fas fa-minus\"><\/i>\t\t\t\t\t\t\t\t<\/span>\n\t\t\t\t\t\t\t\t\t\t\t\t\t<\/div>\n\t\t\t\t\t\t\t\t\t<\/div>\n\n\t\t\t\t<div id=\"pp-accordion-tab-content-3414\" class=\"pp-faq-answer pp-accordion-tab-content\" data-tab=\"4\">\n\t\t\t\t\t<p>Um eine Lizenz f\u00fcr erTRACE zu erhalten, schreibe uns oder ruf uns an. Unsere erTRACE Software steht als Kauf- oder Abo-Lizenzn zur Verf\u00fcgung.\u00a0<\/p>\n<p>Du hast einen speziellen Use-Case? Im Rahmen eines Meetings k\u00f6nnen wir Deine Anforderungen entgegen nehmen und erPUB f\u00fcr Ihren Use-Case anpassen.\u00a0<\/p>\n\t\t\t\t<\/div>\n\t\t\t<\/div>\n\t\t\t\t\t<\/div>\n\t\t\t\t\t\t<\/div>\n\t\t\t\t<\/div>\n\t\t\t\t\t<\/div>\n\t\t<\/div>\n\t\t\t\t\t<\/div>\n\t\t<\/section>\n\t\t\t\t<\/div>\n\t\t","protected":false},"excerpt":{"rendered":"<p>erTRACE &#8211; Der digitale Zwilling Mit erTRACE zeichnest Du den Zustand Deiner Maschinen und Deiner speicherprogrammierbaren Steuerungen auf und erh\u00e4ltst so einen digitalen Zwilling Deiner Anlagen. Die gesammelten Echtdaten k\u00f6nnen f\u00fcr umfangreiche Integrations-, Test- und Debugging-Szenarien w\u00e4hrend Deine laufende Produktion nicht gest\u00f6rt wird.\u00a0 Mehr erfahren Die Vorteile von erTRACE in Deinem Unternehmen Mit erTRACE kannst [&hellip;]<\/p>\n","protected":false},"author":2,"featured_media":7279,"parent":65,"menu_order":0,"comment_status":"closed","ping_status":"closed","template":"","meta":{"_seopress_robots_primary_cat":"","_seopress_titles_title":"erTRACE der digitale Zwilling - erminas GmbH","_seopress_titles_desc":"Mit erTRACE zeichnest Du den Zustand Deiner Maschinen und SPS auf und erh\u00e4lst so einen digitalen Zwilling Deiner Anlagen. ","_seopress_robots_index":"","footnotes":""},"class_list":["post-306","page","type-page","status-publish","has-post-thumbnail","hentry"],"_links":{"self":[{"href":"https:\/\/prod.erminas.com\/de\/wp-json\/wp\/v2\/pages\/306","targetHints":{"allow":["GET"]}}],"collection":[{"href":"https:\/\/prod.erminas.com\/de\/wp-json\/wp\/v2\/pages"}],"about":[{"href":"https:\/\/prod.erminas.com\/de\/wp-json\/wp\/v2\/types\/page"}],"author":[{"embeddable":true,"href":"https:\/\/prod.erminas.com\/de\/wp-json\/wp\/v2\/users\/2"}],"replies":[{"embeddable":true,"href":"https:\/\/prod.erminas.com\/de\/wp-json\/wp\/v2\/comments?post=306"}],"version-history":[{"count":237,"href":"https:\/\/prod.erminas.com\/de\/wp-json\/wp\/v2\/pages\/306\/revisions"}],"predecessor-version":[{"id":7089,"href":"https:\/\/prod.erminas.com\/de\/wp-json\/wp\/v2\/pages\/306\/revisions\/7089"}],"up":[{"embeddable":true,"href":"https:\/\/prod.erminas.com\/de\/wp-json\/wp\/v2\/pages\/65"}],"wp:featuredmedia":[{"embeddable":true,"href":"https:\/\/prod.erminas.com\/de\/wp-json\/wp\/v2\/media\/7279"}],"wp:attachment":[{"href":"https:\/\/prod.erminas.com\/de\/wp-json\/wp\/v2\/media?parent=306"}],"curies":[{"name":"wp","href":"https:\/\/api.w.org\/{rel}","templated":true}]}}